{"id":1673,"date":"2020-06-30T14:10:16","date_gmt":"2020-06-30T12:10:16","guid":{"rendered":"https:\/\/www.66location.com\/domu\/"},"modified":"2025-03-26T12:52:03","modified_gmt":"2025-03-26T11:52:03","slug":"domu","status":"publish","type":"page","link":"https:\/\/www.66location.com\/en\/","title":{"rendered":"66location.com | V\u00fdb\u011br a p\u0159\u00edprava lokac\u00ed pro nat\u00e1\u010den\u00ed"},"content":{"rendered":"<section class=\"l-section wpb_row us_custom_cafdbb5f height_auto\"><div class=\"l-section-overlay\" style=\"background:#ffffff\"><\/div><div class=\"l-section-h i-cf\"><div class=\"g-cols vc_row via_flex valign_top type_default stacking_default\"><div class=\"vc_col-sm-12 wpb_column vc_column_container\"><div class=\"vc_column-inner\"><div class=\"wpb_wrapper\"><h1 class=\"w-text us_custom_5e0eec14\"><span class=\"w-text-h\"><span class=\"w-text-value\">Selection and preparation of locations for filming<\/span><\/span><\/h1><\/div><\/div><\/div><\/div><\/div><\/section><section class=\"l-section wpb_row height_auto color_secondary with_img\" id=\"home\"><div class=\"l-section-img\" style=\"background-image: url(https:\/\/www.66location.com\/wp-content\/uploads\/2022\/01\/1.jpg);\"><\/div><div class=\"l-section-overlay\" style=\"background:rgba(0,0,0,0.65)\"><\/div><div class=\"l-section-h i-cf\"><div class=\"g-cols vc_row via_flex valign_top type_default stacking_default\"><div class=\"vc_col-sm-12 wpb_column vc_column_container\"><div class=\"vc_column-inner\"><div class=\"wpb_wrapper\">\n\t\t\t<!-- START Slider 1 REVOLUTION SLIDER 6.6.14 --><p class=\"rs-p-wp-fix\"><\/p>\n\t\t\t<rs-module-wrap id=\"rev_slider_1_1_wrapper\" data-source=\"gallery\" style=\"visibility:hidden;background:rgba(12,12,12,0);padding:0;margin:0px auto;margin-top:0;margin-bottom:0;\">\n\t\t\t\t<rs-module id=\"rev_slider_1_1\" style=\"\" data-version=\"6.6.14\">\n\t\t\t\t\t<rs-slides style=\"overflow: hidden; position: absolute;\">\n\t\t\t\t\t\t<rs-slide style=\"position: absolute;\" data-key=\"rs-1\" data-title=\"Slide\" data-thumb=\"\/\/www.66location.com\/wp-content\/uploads\/2022\/01\/1-50x100.jpg\" data-anim=\"adpr:false;\" data-in=\"o:0;\" data-out=\"a:false;\">\n\t\t\t\t\t\t\t<img src=\"\/\/www.66location.com\/wp-content\/plugins\/revslider\/public\/assets\/assets\/dummy.png\" alt=\"Loka\u010dn\u00ed agentura Praha\" title=\"Loka\u010dn\u00ed agentura Praha\" width=\"1920\" height=\"787\" class=\"rev-slidebg tp-rs-img rs-lazyload\" data-lazyload=\"\/\/www.66location.com\/wp-content\/uploads\/2022\/01\/1.jpg\" data-no-retina>\n<!--\n\t\t\t\t\t\t\t--><rs-layer\n\t\t\t\t\t\t\t\tid=\"slider-1-slide-1-layer-0\" \n\t\t\t\t\t\t\t\tdata-type=\"object\"\n\t\t\t\t\t\t\t\tdata-rsp_ch=\"on\"\n\t\t\t\t\t\t\t\tdata-xy=\"x:67px;y:50px;\"\n\t\t\t\t\t\t\t\tdata-text=\"w:normal;\"\n\t\t\t\t\t\t\t\tdata-frame_999=\"o:0;st:w;\"\n\t\t\t\t\t\t\t\tstyle=\"z-index:5;font-family:'Roboto';\"\n\t\t\t\t\t\t\t> \n\t\t\t\t\t\t\t<\/rs-layer><!--\n-->\t\t\t\t\t\t<\/rs-slide>\n\t\t\t\t\t\t<rs-slide style=\"position: absolute;\" data-key=\"rs-2\" data-title=\"Slide\" data-thumb=\"\/\/www.66location.com\/wp-content\/uploads\/2022\/01\/2-50x100.jpg\" data-anim=\"adpr:false;\" data-in=\"o:0;\" data-out=\"a:false;\">\n\t\t\t\t\t\t\t<img src=\"\/\/www.66location.com\/wp-content\/plugins\/revslider\/public\/assets\/assets\/dummy.png\" alt=\"Zaji\u0161t\u011bn\u00ed filmov\u00fdch lokac\u00ed Praha\" title=\"Zaji\u0161t\u011bn\u00ed filmov\u00fdch lokac\u00ed Praha\" width=\"1920\" height=\"810\" class=\"rev-slidebg tp-rs-img rs-lazyload\" data-lazyload=\"\/\/www.66location.com\/wp-content\/uploads\/2022\/01\/2.jpg\" data-bg=\"p:center top;\" data-no-retina>\n<!---->\t\t\t\t\t\t<\/rs-slide>\n\t\t\t\t\t<\/rs-slides>\n\t\t\t\t<\/rs-module>\n\t\t\t\t<script>\n\t\t\t\t\tsetREVStartSize({c: 'rev_slider_1_1',rl:[1240,1024,778,480],el:[460],gw:[1240],gh:[460],type:'standard',justify:'',layout:'fullwidth',mh:\"0\"});if (window.RS_MODULES!==undefined && window.RS_MODULES.modules!==undefined && window.RS_MODULES.modules[\"revslider11\"]!==undefined) {window.RS_MODULES.modules[\"revslider11\"].once = false;window.revapi1 = undefined;if (window.RS_MODULES.checkMinimal!==undefined) window.RS_MODULES.checkMinimal()}\n\t\t\t\t<\/script>\n\t\t\t<\/rs-module-wrap>\n\t\t\t<!-- END REVOLUTION SLIDER -->\n<\/div><\/div><\/div><\/div><\/div><\/section><section class=\"l-section wpb_row height_auto\" id=\"projects\"><div class=\"l-section-h i-cf\"><div class=\"g-cols vc_row via_flex valign_top type_default stacking_default\" style=\"--additional-gap:10px;\"><div class=\"vc_col-sm-12 wpb_column vc_column_container\"><div class=\"vc_column-inner\"><div class=\"wpb_wrapper\"><div class=\"w-separator size_medium\"><\/div><div class=\"wpb_text_column us_custom_3352664f\"><div class=\"wpb_wrapper\"><h2 style=\"text-align: center;\"><strong>References<br \/>\n<\/strong><\/h2>\n<\/div><\/div><div class=\"w-separator size_medium\"><\/div><\/div><\/div><\/div><div class=\"vc_col-sm-4 wpb_column vc_column_container\"><div class=\"vc_column-inner us_custom_86012fbb\"><div class=\"wpb_wrapper\"><div class=\"w-image has_ratio align_none meta_modern\"><a target=\"_blank\" href=\"https:\/\/www.crew-united.com\/de\/Das-Wunder-von-Kapstadt__296682.html\" rel=\"noopener\" aria-label=\"Das Wunder von Kapstadt\" class=\"w-image-h\"><div style=\"padding-bottom:150%\"><\/div><img width=\"716\" height=\"1024\" src=\"https:\/\/www.66location.com\/wp-content\/uploads\/2025\/03\/1586703.1024.jpg\" class=\"attachment-full size-full\" alt=\"\" decoding=\"async\" loading=\"lazy\" srcset=\"https:\/\/www.66location.com\/wp-content\/uploads\/2025\/03\/1586703.1024.jpg 716w, https:\/\/www.66location.com\/wp-content\/uploads\/2025\/03\/1586703.1024-210x300.jpg 210w\" sizes=\"(max-width: 716px) 100vw, 716px\" \/><div class=\"w-image-meta\"><div class=\"w-image-title\">Das Wunder von Kapstadt<\/div><\/div><\/a><\/div><\/div><\/div><\/div><div class=\"vc_col-sm-4 wpb_column vc_column_container\"><div class=\"vc_column-inner us_custom_86012fbb\"><div class=\"wpb_wrapper\"><div class=\"w-image has_ratio align_none meta_modern\"><a target=\"_blank\" href=\"https:\/\/www.imdb.com\/title\/tt9318582\/\" rel=\"noopener\" aria-label=\"Allmen und das Geheimnis der Dahlien\" class=\"w-image-h\"><div style=\"padding-bottom:150%\"><\/div><img width=\"418\" height=\"602\" src=\"https:\/\/www.66location.com\/wp-content\/uploads\/2025\/03\/Snimek-obrazovky-2025-03-19-v-11.01.42.png\" class=\"attachment-full size-full\" alt=\"\" decoding=\"async\" loading=\"lazy\" srcset=\"https:\/\/www.66location.com\/wp-content\/uploads\/2025\/03\/Snimek-obrazovky-2025-03-19-v-11.01.42.png 418w, https:\/\/www.66location.com\/wp-content\/uploads\/2025\/03\/Snimek-obrazovky-2025-03-19-v-11.01.42-208x300.png 208w\" sizes=\"(max-width: 418px) 100vw, 418px\" \/><div class=\"w-image-meta\"><div class=\"w-image-title\">Allmen und das Geheimnis der Dahlien<\/div><\/div><\/a><\/div><\/div><\/div><\/div><div class=\"vc_col-sm-4 wpb_column vc_column_container\"><div class=\"vc_column-inner us_custom_86012fbb\"><div class=\"wpb_wrapper\"><div class=\"w-image has_ratio align_none meta_modern\"><a target=\"_blank\" href=\"https:\/\/letterboxd.com\/film\/franz-2025\/\" rel=\"noopener\" aria-label=\"Franz\" class=\"w-image-h\"><div style=\"padding-bottom:150%\"><\/div><img width=\"1000\" height=\"1500\" src=\"https:\/\/www.66location.com\/wp-content\/uploads\/2025\/03\/1043456-franz-1-0-1000-0-1500-crop.jpeg\" class=\"attachment-full size-full\" alt=\"\" decoding=\"async\" loading=\"lazy\" srcset=\"https:\/\/www.66location.com\/wp-content\/uploads\/2025\/03\/1043456-franz-1-0-1000-0-1500-crop.jpeg 1000w, https:\/\/www.66location.com\/wp-content\/uploads\/2025\/03\/1043456-franz-1-0-1000-0-1500-crop-200x300.jpeg 200w, https:\/\/www.66location.com\/wp-content\/uploads\/2025\/03\/1043456-franz-1-0-1000-0-1500-crop-683x1024.jpeg 683w\" sizes=\"(max-width: 1000px) 100vw, 1000px\" \/><div class=\"w-image-meta\"><div class=\"w-image-title\">Franz<\/div><\/div><\/a><\/div><\/div><\/div><\/div><div class=\"vc_col-sm-12 wpb_column vc_column_container\"><div class=\"vc_column-inner\"><div class=\"wpb_wrapper\"><div class=\"w-separator size_small\"><\/div><div class=\"wpb_text_column\"><div class=\"wpb_wrapper\"><p style=\"text-align: center;\"><a href=\"https:\/\/www.66location.com\/en\/references\/\">Other References &gt;&gt;<\/a><\/p>\n<\/div><\/div><div class=\"w-separator size_large\"><\/div><\/div><\/div><\/div><\/div><\/div><\/section><section class=\"l-section wpb_row height_small color_alternate\" id=\"servicesen\"><div class=\"l-section-h i-cf\"><div class=\"g-cols vc_row via_flex valign_top type_default stacking_default\"><div class=\"vc_col-sm-12 wpb_column vc_column_container\" id=\"sluzby\"><div class=\"vc_column-inner\"><div class=\"wpb_wrapper\"><div class=\"w-separator size_medium\"><\/div><div class=\"wpb_text_column\"><div class=\"wpb_wrapper\"><h2 style=\"text-align: center;\"><strong>Location service<\/strong><\/h2>\n<\/div><\/div><\/div><\/div><\/div><div class=\"vc_col-sm-12 wpb_column vc_column_container\"><div class=\"vc_column-inner\"><div class=\"wpb_wrapper\"><div class=\"w-separator size_medium\"><\/div><div class=\"g-cols wpb_row via_flex valign_top type_default stacking_default\"><div class=\"vc_col-sm-4 wpb_column vc_column_container\"><div class=\"vc_column-inner\"><div class=\"wpb_wrapper\"><div class=\"w-iconbox iconpos_top style_default color_primary align_center\"><div class=\"w-iconbox-icon\" style=\"font-size:3rem;\"><i class=\"far fa-books\"><\/i><\/div><div class=\"w-iconbox-meta\"><h3 class=\"w-iconbox-title\">Archives<\/h3><div class=\"w-iconbox-text\"><p>Selection of locations from the archives.<\/p>\n<\/div><\/div><\/div><div class=\"w-separator size_medium\"><\/div><\/div><\/div><\/div><div class=\"vc_col-sm-4 wpb_column vc_column_container\"><div class=\"vc_column-inner\"><div class=\"wpb_wrapper\"><div class=\"w-iconbox iconpos_top style_default color_primary align_center\"><div class=\"w-iconbox-icon\" style=\"font-size:3rem;\"><i class=\"fas fa-map-marker-alt\"><\/i><\/div><div class=\"w-iconbox-meta\"><h3 class=\"w-iconbox-title\">Scouting<\/h3><div class=\"w-iconbox-text\"><p>Search for locations according to the customer\u2019s requirements.<\/p>\n<\/div><\/div><\/div><div class=\"w-separator size_medium\"><\/div><\/div><\/div><\/div><div class=\"vc_col-sm-4 wpb_column vc_column_container\"><div class=\"vc_column-inner\"><div class=\"wpb_wrapper\"><div class=\"w-iconbox iconpos_top style_default color_primary align_center\"><div class=\"w-iconbox-icon\" style=\"font-size:3rem;\"><i class=\"far fa-building\"><\/i><\/div><div class=\"w-iconbox-meta\"><h3 class=\"w-iconbox-title\">Authorities<\/h3><div class=\"w-iconbox-text\"><p>Obtaining all the necessary permits from the respective authorities.<\/p>\n<\/div><\/div><\/div><div class=\"w-separator size_medium\"><\/div><\/div><\/div><\/div><\/div><\/div><\/div><\/div><div class=\"vc_col-sm-12 wpb_column vc_column_container\"><div class=\"vc_column-inner\"><div class=\"wpb_wrapper\"><div class=\"g-cols wpb_row via_flex valign_top type_default stacking_default\"><div class=\"vc_col-sm-4 wpb_column vc_column_container\"><div class=\"vc_column-inner\"><div class=\"wpb_wrapper\"><div class=\"w-iconbox iconpos_top style_default color_primary align_center\"><div class=\"w-iconbox-icon\" style=\"font-size:3rem;\"><i class=\"far fa-gavel\"><\/i><\/div><div class=\"w-iconbox-meta\"><h3 class=\"w-iconbox-title\">Legal service<\/h3><div class=\"w-iconbox-text\"><p>Preparation of contracts and assurance that they are signed in time by the property owners.<\/p>\n<\/div><\/div><\/div><\/div><\/div><\/div><div class=\"vc_col-sm-4 wpb_column vc_column_container\"><div class=\"vc_column-inner\"><div class=\"wpb_wrapper\"><div class=\"w-iconbox iconpos_top style_default color_primary align_center\"><div class=\"w-iconbox-icon\" style=\"font-size:3rem;\"><i class=\"far fa-pizza-slice\"><\/i><\/div><div class=\"w-iconbox-meta\"><h3 class=\"w-iconbox-title\">Base<\/h3><div class=\"w-iconbox-text\"><p>Providing the necessary film base, e.g. mobile toilets, security, catering, etc.<\/p>\n<\/div><\/div><\/div><\/div><\/div><\/div><div class=\"vc_col-sm-4 wpb_column vc_column_container\"><div class=\"vc_column-inner\"><div class=\"wpb_wrapper\"><div class=\"w-iconbox iconpos_top style_default color_primary align_center\"><div class=\"w-iconbox-icon\" style=\"font-size:3rem;\"><i class=\"far fa-caravan\"><\/i><\/div><div class=\"w-iconbox-meta\"><h3 class=\"w-iconbox-title\">Special requests<\/h3><div class=\"w-iconbox-text\"><p>We can meet other special requirements of the client, e.g. traffic restrictions, public lighting management, rental of platforms, water carts, cisterns, etc.<\/p>\n<\/div><\/div><\/div><\/div><\/div><\/div><\/div><div class=\"w-separator size_medium\"><\/div><\/div><\/div><\/div><\/div><\/div><\/section>\n","protected":false},"excerpt":{"rendered":"Selection and preparation of locations for filming References Das Wunder von KapstadtAllmen und das Geheimnis der DahlienFranzOther References &gt;&gt; Location service ArchivesSelection of locations from the archives. ScoutingSearch for locations according to the customer\u2019s requirements. AuthoritiesObtaining all the necessary permits from the respective authorities. Legal servicePreparation of contracts and assurance that they are signed in...","protected":false},"author":2,"featured_media":0,"parent":0,"menu_order":0,"comment_status":"closed","ping_status":"closed","template":"","meta":[],"aioseo_notices":[],"_links":{"self":[{"href":"https:\/\/www.66location.com\/en\/wp-json\/wp\/v2\/pages\/1673"}],"collection":[{"href":"https:\/\/www.66location.com\/en\/wp-json\/wp\/v2\/pages"}],"about":[{"href":"https:\/\/www.66location.com\/en\/wp-json\/wp\/v2\/types\/page"}],"author":[{"embeddable":true,"href":"https:\/\/www.66location.com\/en\/wp-json\/wp\/v2\/users\/2"}],"replies":[{"embeddable":true,"href":"https:\/\/www.66location.com\/en\/wp-json\/wp\/v2\/comments?post=1673"}],"version-history":[{"count":11,"href":"https:\/\/www.66location.com\/en\/wp-json\/wp\/v2\/pages\/1673\/revisions"}],"predecessor-version":[{"id":2043,"href":"https:\/\/www.66location.com\/en\/wp-json\/wp\/v2\/pages\/1673\/revisions\/2043"}],"wp:attachment":[{"href":"https:\/\/www.66location.com\/en\/wp-json\/wp\/v2\/media?parent=1673"}],"curies":[{"name":"wp","href":"https:\/\/api.w.org\/{rel}","templated":true}]}}